{"id":109,"date":"2017-11-23T05:12:46","date_gmt":"2017-11-23T05:12:46","guid":{"rendered":"http:\/\/interspecifics.cc\/work\/?page_id=109"},"modified":"2021-02-18T01:01:30","modified_gmt":"2021-02-18T01:01:30","slug":"about-us","status":"publish","type":"page","link":"https:\/\/interspecifics.cc\/work\/about-us\/","title":{"rendered":"ABOUT US"},"content":{"rendered":"<div class=\"page\" title=\"Page 2\">\n<div class=\"layoutArea\">\n<div class=\"column\">\n<h3>Multispecies nomad collective and independent artistic research bureau founded in Mexico City in 2013. Our current lines of research are focused on the use of sound and Artificial Intelligence to understand the bioelectrical and chemical signals of different living organisms and its geometrical patterns as a nonhuman form of communication. For this purpose we\u2019ve developed a collection of experimental research and educational tools we call Ontological Machines. Our work is deeply shaped by the Latin American context where precarity enables new forms of creativity and ancient technologies meet cutting edge forms of production. We think about this as a methodology for creation, where one is always looking for the most suitable way to produce in terms of social inclusion, cross-disciplinary practices and open knowledge.<\/h3>\n<\/div>\n<\/div>\n<\/div>\n<div class=\"page\" title=\"Page 2\">\n<div class=\"layoutArea\">\n<div class=\"column\">\n<p>Our work has been supported by International Cities for Advanced Sound, Laboratorio Arte Alameda, Telefonica Foundation, Bancomer BBVA Foundation, Alumnos47 Foundation and The National Fund for Culture and the Arts in M\u00e9xico. Bauhaus-Universita\u0308t Weimar and Universitat der Kunste Berlin in Germany. Museum of Modern art in Medellin, Platohedro and Explora in Colombia. National Council for Culture and the Arts and Museum of Contemporary art in Chile and shown at FACT Liverpool, European Congress for Artificial Intelligence in York, Spektrum, Acud Macht Neu, CTM Festival, and CLB in Berlin, ICAS Festival in Dresden, TJINCHINA in Tijuana, Casa del Lago, Centro Cultural de Espa\u00f1a, INDEX at the University Museum of Contemporary Art, Tamayo Museum and Mutek_ MX in Mexico. Awarded by the Waag Society Amsterdam in its last edition of HacktheBrain.<\/p>\n<\/div>\n<\/div>\n<\/div>\n<p>Members: Emmanuel Anguiano, Leslie Garc\u00eda, Paloma L\u00f3pez, Felipe Rebolledo,<\/p>\n<p>Colaborators: Thiago Hersan, Carles Tard\u00edo Pi, Mariana Perez Bobadilla, Fernan Federici.<\/p>\n<hr \/>\n<h2>CURRICULUM-VITAE<\/h2>\n<h2><b>Research work:<\/b><\/h2>\n<ul>\n<li>2015 \u2013 2016 Artistic research. Media Environments department, Bauhaus University. Weimar, DE<\/li>\n<li>2015 \u2013 2016 Artistic research.<a href=\"http:\/\/alumnos47.org\/main\/b10s-programa-de-exploracion-artistica-en-ciencia-de-la-vida\/\"> B10S program<\/a>. Alumnos47 Foundation. CDMX, MX<\/li>\n<li>2017 \u2013 2018 Artistic research. Material Index program. Tamayo Museum CDMX, MX<\/li>\n<\/ul>\n<h2><b>Grants:<\/b><\/h2>\n<ul>\n<li aria-level=\"1\">2014 \u2013 ECAS\u00a0 (European Cities of Advance Sound) network. Research grant. Energy Bending Lab project. BE, NL, NO<\/li>\n<li aria-level=\"1\">2015 \u2013 Bancomer Foundation. Art Fund. CDMX, MX<\/li>\n<li aria-level=\"1\">2015 \u2013 Second price. Hack the Brain congress. Waag Society. Amsterdam, NL<\/li>\n<li aria-level=\"1\">2016 \u2013 Commissioned artist at Proyecto L\u00edquido, Alumnos47 Foundation. MX<\/li>\n<li aria-level=\"1\">2017 &#8211; Residencias Narrativas Digitales en Tiempo Real. MediaLab Prado. Madrid Espa\u00f1a.<\/li>\n<li aria-level=\"1\">2017 \u2013 Scholarship. Young Creators Program. National Fund for Culture and the Arts. MX<\/li>\n<li aria-level=\"1\">2018 &#8211; Cala Alliance Artist in Residency,\u00a0 Interspecifics. Phoenix Arizona<\/li>\n<li aria-level=\"1\">2019 &#8211; DAAD artist in residency.\u00a0 Interspecifics. Berl\u00edn, Germany<\/li>\n<li>2021 &#8211; Seti x AI Residency at Ars Electronica.\u00a0 USA, Germany<\/li>\n<li aria-level=\"1\">2022 &#8211; Edgar-Vares\u00e9 guest professorship Technical University Berlin Germany.<\/li>\n<\/ul>\n<h2><b>Exhibitions, live acts and workshops:<\/b><\/h2>\n<p>2020:<\/p>\n<ul>\n<li>May: Virtual Act \u201dAire V.2\u201c at AMRO 2020. Linz Austria<\/li>\n<li>Now: Recurrent Morphing Radio at <i>The Disappearance of Music<\/i> at HKW Berlin Germany<\/li>\n<\/ul>\n<p>2019:<\/p>\n<ul>\n<li aria-level=\"1\">Mar: Memory has a spherical shape, an olfactory piece commissioned by the Perfume Museum, Mexico City<\/li>\n<li aria-level=\"1\">Jul: Art Seminar &#8220;Campo Abierto&#8221; Museum of Contemporary Art, Santiago de Chile<\/li>\n<li aria-level=\"1\">Sep: Contaminant sensorialization laboratory, Exploratorio, Medellin Colombia<\/li>\n<li aria-level=\"1\">Oct: Speculative Communications Concert, New Music Festival, Vancouver Canada<\/li>\n<li aria-level=\"1\">Oct: Possible futures, presentation Speculative Communications TEC campus Toluca.<\/li>\n<li aria-level=\"1\">Nov: Ontological Machines, exhibition in Daad Gallery, Berlin Germany.<\/li>\n<li aria-level=\"1\">Dic: Interspecific\u2019s Concert, Heroins of sound, Berlin Germany<\/li>\n<\/ul>\n<p>2018:<\/p>\n<ul>\n<li aria-level=\"1\">Feb: AKI AORA residence with the Species Resilience project. Tulum Quintana Roo, Mexico<\/li>\n<li aria-level=\"1\">Feb: Sinton\u00eda del R\u00edo at the C\u00e9rillos National Center for Contemporary Art. Santiago de Chile<\/li>\n<li aria-level=\"1\">Mar: Cala Alliance residence at Arizona State University Art Museum. Phoenix Arizona<\/li>\n<li aria-level=\"1\">Abr: Commission and show of the piece Terrestrial Ensemble. Ex Teresa Actual Art. Mexico City<\/li>\n<li aria-level=\"1\">Jun: Official selection of the Les Bains num\u00e9riques Festival, Les Bains, France.<\/li>\n<li aria-level=\"1\">Jun: AIR multichannel piece in the sound space of the MUAC. Mexico City<\/li>\n<li aria-level=\"1\">Aug: Live Act Speculative Communications Mutek. Montreal Canada<\/li>\n<li aria-level=\"1\">Aug: Collective show \u201cSinapis\u201d Ministerio de las Culturas, las Artes y el Patrimonio en Valpara\u00edso, Chile<\/li>\n<li aria-level=\"1\">Sep: Publication EP Speculative Communications<\/li>\n<li aria-level=\"1\">Sep: Workshop Speculative Communications at Centro de ciencias de la complejidad, UNAM Mexico<\/li>\n<li aria-level=\"1\">Oct: Collective show \u201cConstelaciones de la audio m\u00e1quina\u201d Museo Morelense de Arte Contempor\u00e1neo Juan Soriano<\/li>\n<li aria-level=\"1\">Oct: Live Act Speculative Communications at\u00a0 Festival Revueltas, Durango M\u00e9xico<\/li>\n<li aria-level=\"1\">Nov: Live Act Speculative Communications Mutek Mexico<\/li>\n<li aria-level=\"1\">Nov: Publication EP Speculative Communications 80x<\/li>\n<\/ul>\n<p>2017:<\/p>\n<ul>\n<li>Jan: Cassette release. Non-identified Male Artist. Hyle Tapes. Paris, FR<\/li>\n<li>Mar: \u00a0Workshop. GOSH open hardware meeting. Catholic University. Santiago, CL<\/li>\n<li>Apr: Workshop. Biological data sonification. Tsonami Festival. Valparaiso, CL<\/li>\n<li>Apr: Residency. Sonic Crossroads. Museum of Contemporary Art. Santiago, CL<\/li>\n<li>Apr: Exhibition and performance. Sonic Crossroads. Museum of Contemporary Art. Santiago, CL<\/li>\n<li>Jul: Residency. Digital Narratives in Real Time. MediaLab Prado. Madrid, ES<\/li>\n<li>Aug: Residency. Sinton\u00eda del Rio. National Council for Culture and the Arts. Valdivia, CL<\/li>\n<li>Nov: Exhibition. Sinton\u00eda del Rio. Museum of Contemporary Art, Valdivia, CL<\/li>\n<\/ul>\n<p>2016:<\/p>\n<ul>\n<li>Feb: Performance. Non-Human Rhythms.<a href=\"http:\/\/inoculum.phychip.eu\/\"> Inoculum Berlin.<\/a> Bauhaus University. Berlin, DE<\/li>\n<li>Feb: Talk. Unheard. Transmediale. Berlin, DE<\/li>\n<li>Feb: Workshop. Non-Human Rhythms. Today\u2019s Arts Festival. The Hague, NL<\/li>\n<li>Abr: Live Act. LogarDecay. Umbral 21, CDMX, MX<\/li>\n<li>May: Exhibition. EnterState Sensing the Natural World. Washington. US<\/li>\n<li>May: Exhibition. Abstract State. Ex-convento del Carmen. Guadalajara, MX.<\/li>\n<li>Jun: Exhibition. Reality is boring. Platoon. CDMX, MX.<\/li>\n<li>Jun: Workshop. Non-Human Rhythms. Tamayo Museum. CDMX, MX.<\/li>\n<li>Jun: Live Act. Topologies of desire. University Museum of Contemporary Art. Proyecto L\u00edquido. CDMX, MX.<\/li>\n<li>Jul: Live Act. Topologies of desire. EspacioX CCE. Proyecto L\u00edquido. CDMX, MX.<\/li>\n<li>Jul: Workshop. Non-Human Rhythms. Pifcamp. Soca, Sl<\/li>\n<li>Aug: Cassette release. Flux. Hyle Tapes. Paris, FR<\/li>\n<li>Aug: Live Act. Non-Human Rhythms. Spektrum. Berlin, DE<\/li>\n<li>Sep: Residency. Museum of Modern art in Medellin. Medellin, CO<\/li>\n<li>Sep: Exhibition. Micro-rhythms. Museum of Modern art in Medellin. Medellin, CO<\/li>\n<li>Oct: Facilitators. MusicMakers Hacklab. Laboratorio Arte Alameda. CDMX, MX<\/li>\n<li>Oct: Performance: Space Data and Noise. Mutek_MX. CDMX, MX<\/li>\n<li>Nov: Exhibition: AIR. Espacio sonoro Casa del Lago. CDMX, MX<\/li>\n<li>Nov: Exhibition.<a href=\"https:\/\/www.facebook.com\/events\/348539285489946\/?acontext=%7B%22source%22%3A3%2C%22source_newsfeed_story_type%22%3A%22regular%22%2C%22action_history%22%3A%22%5B%7B%5C%22surface%5C%22%3A%5C%22newsfeed%5C%22%2C%5C%22mechanism%5C%22%3A%5C%22feed_story%5C%22%2C%5C%22extra_data%5C%22%3A%5B%5D%7D%5D%22%2C%22has_source%22%3Atrue%7D&amp;source=3&amp;source_newsfeed_story_type=regular&amp;action_history=%5B%7B%22surface%22%3A%22newsfeed%22%2C%22mechanism%22%3A%22feed_story%22%2C%22extra_data%22%3A%5B%5D%7D%5D&amp;has_source=1\"> Youniverse<\/a>. Apexart. New York, US<\/li>\n<\/ul>\n<p>2015:<\/p>\n<ul>\n<li>Jan: Facilitators. Music Makers Hacklab. CTM Festival. Berlin, DE<\/li>\n<li>Feb: Performance. Action Potential. CTM Festival. Berlin, DE<\/li>\n<li>Feb: Facilitators. MusicMakers Hacklab. Laboratorio Arte Alameda. CDMX, MX<\/li>\n<li>Mar: Facilitators. B10s 1. Alumnos47 Foundation. CDMX, MX<\/li>\n<li>May: Performance. Energy Bending Lab. ICAS FESTIVAL. Dresden DE<\/li>\n<li>Jun: \u00a0Exhibition. DIMENSIONS. Hack the Brain. Waag Society. Amsterdam, NL<\/li>\n<li>Jun: Facilitators. B10s Sensory substitution. Alumnos47 Foundation. CDMX, MX<\/li>\n<li>Jul: \u00a0Workshop. ICAD Auditory Display. Graz, AU<\/li>\n<li>Jul: \u00a0Workshop. ECAD Artificial Intelligence. York. UK<\/li>\n<li>Jul: \u00a0Talk. FACT Liverpool. Liverpool, UK<\/li>\n<li>Aug: Workshop. Sensory substitution UDK Berlin. Berlin, DE<\/li>\n<li>Sep: Workshop. Non-Human Rhythms. Today\u2019s Arts Festival. The Hague, NL<\/li>\n<li>Sep: Workshop. Pulsu(m) Plantae. Washington College. US<\/li>\n<li>Oct: Live act. Dorkbot San Diego. California, US<\/li>\n<li>Oct: Workshop. Biosonification. UCSB Santa Barbara. California, US<\/li>\n<li>Nov: Exhibition. GFP SCREEN. Guadalajara International Book Fair. Guadalajara MX<\/li>\n<li>Dic: Workshop. Non-human rhythms. Novas Frecuencias Festival, Rio de Janeiro, BR<\/li>\n<li>Dic: Live Act. Non-human rhythms. Novas Frecuencias Festival, Rio de Janeiro, BR<\/li>\n<li>Dic: Live Act. Sinaloa Botanical Garden. Sinaloa, MX<\/li>\n<li>Dic: Workshop. B10s Action Potential. Alumnos47. CDMX, MX<\/li>\n<li>Dic: Workshop. Action Potential. \u00a0Center for Digital Culture. CDMX, MX<\/li>\n<\/ul>\n<p>2014:<\/p>\n<ul>\n<li>Feb: Workshop. Bio-sensors. Center for Digital Culture. CDMX, MX<\/li>\n<li>Mar: Residency. \u00a0Sensory Laboratory. Guadalajara, MX<\/li>\n<li>Mar: Live act. Bio-Box. Sensory Laboratory. Guadalajara, MX<\/li>\n<li>Mar: Workshop. CityListeners. Mextr\u00f3poli Festival. CDMX, MX<\/li>\n<li>April: Live act. CityListeners. OP-RA. Ex Teresa Arte Actual. CDMX, MX<\/li>\n<li>May: Exhibition. Pulsum Plantae. Sight &amp; Sound Festival. Montreal, CA<\/li>\n<li>May: Live act. Pulsum Plantae. Sight &amp; Sound Festival. Montreal, CA<\/li>\n<li>Jun: Facilitators. Music Makers Hacklab Tijuana. Tijuana, MX.<\/li>\n<li>Jul: Residency. Energy Bending Lab. Cymatics. Bruselas, BE<\/li>\n<li>Aug: Residency. Energy Bending Lab. TodaysArts, The Hague, NL<\/li>\n<li>Aug: Residency. Energy Bending Lab. Imsomia Festival, Tromso, NO<\/li>\n<li>Sep: Live act. New Music Festival, Vancouver, CA<\/li>\n<li>Oct: Residency. Action Potential. Neuro stetics research. Palacio de Bellas Artes. CDMX, MX<\/li>\n<\/ul>\n<p>&nbsp;<\/p>\n<p>&nbsp;<\/p>\n<hr \/>\n<p>[ DOWNLOAD OUR PORTFOLIO + CV ]\u00a0 [PRESS AND MEDIA]<\/p>\n<hr \/>\n<p><!-- Site navigation menu --><\/p>\n<p>&nbsp;<\/p>\n","protected":false},"excerpt":{"rendered":"<p>Multispecies nomad collective and independent artistic research bureau founded in Mexico City in 2013. Our current lines of research are focused on the use of sound and Artificial Intelligence to understand the bioelectrical and chemical signals of different living organisms and its geometrical patterns as a nonhuman form of communication. For this purpose we\u2019ve developed &hellip; <\/p>\n<p class=\"link-more\"><a href=\"https:\/\/interspecifics.cc\/work\/about-us\/\" class=\"more-link\">Continue reading &rarr; <span class=\"screen-reader-text\"> &#8220;ABOUT US&#8221;<\/span><\/a><\/p>\n","protected":false},"author":1,"featured_media":0,"parent":0,"menu_order":0,"comment_status":"closed","ping_status":"closed","template":"","meta":{"footnotes":""},"class_list":["post-109","page","type-page","status-publish","hentry"],"_links":{"self":[{"href":"https:\/\/interspecifics.cc\/work\/wp-json\/wp\/v2\/pages\/109","targetHints":{"allow":["GET"]}}],"collection":[{"href":"https:\/\/interspecifics.cc\/work\/wp-json\/wp\/v2\/pages"}],"about":[{"href":"https:\/\/interspecifics.cc\/work\/wp-json\/wp\/v2\/types\/page"}],"author":[{"embeddable":true,"href":"https:\/\/interspecifics.cc\/work\/wp-json\/wp\/v2\/users\/1"}],"replies":[{"embeddable":true,"href":"https:\/\/interspecifics.cc\/work\/wp-json\/wp\/v2\/comments?post=109"}],"version-history":[{"count":38,"href":"https:\/\/interspecifics.cc\/work\/wp-json\/wp\/v2\/pages\/109\/revisions"}],"predecessor-version":[{"id":706,"href":"https:\/\/interspecifics.cc\/work\/wp-json\/wp\/v2\/pages\/109\/revisions\/706"}],"wp:attachment":[{"href":"https:\/\/interspecifics.cc\/work\/wp-json\/wp\/v2\/media?parent=109"}],"curies":[{"name":"wp","href":"https:\/\/api.w.org\/{rel}","templated":true}]}}