{"id":2,"date":"2017-06-25T23:48:28","date_gmt":"2017-06-25T23:48:28","guid":{"rendered":"http:\/\/interspecifics.cc\/comunicacionesespeculativas\/?page_id=2"},"modified":"2018-01-23T02:31:08","modified_gmt":"2018-01-23T02:31:08","slug":"proyecto","status":"publish","type":"page","link":"https:\/\/interspecifics.cc\/comunicacionesespeculativas\/proyecto\/","title":{"rendered":"About"},"content":{"rendered":"<div id=\"js_1cn\" class=\"_5pbx userContent\" data-ft=\"{&quot;tn&quot;:&quot;K&quot;}\">\n<div id=\"id_59504e8ff2cc51c55605521\" class=\"text_exposed_root text_exposed\">\n<div class=\"_3x-2\">\n<div id=\"js_1cn\" class=\"_5pbx userContent\" data-ft=\"{&quot;tn&quot;:&quot;K&quot;}\">\n<div id=\"id_59504e8ff2cc51c55605521\" class=\"text_exposed_root text_exposed\">\n<p><img loading=\"lazy\" decoding=\"async\" class=\"alignnone size-full wp-image-41\" src=\"http:\/\/interspecifics.cc\/comunicacionesespeculativas\/wp-content\/uploads\/2017\/06\/IMG_0831.jpg\" alt=\"\" width=\"3264\" height=\"2448\" srcset=\"https:\/\/interspecifics.cc\/comunicacionesespeculativas\/wp-content\/uploads\/2017\/06\/IMG_0831.jpg 3264w, https:\/\/interspecifics.cc\/comunicacionesespeculativas\/wp-content\/uploads\/2017\/06\/IMG_0831-300x225.jpg 300w, https:\/\/interspecifics.cc\/comunicacionesespeculativas\/wp-content\/uploads\/2017\/06\/IMG_0831-768x576.jpg 768w, https:\/\/interspecifics.cc\/comunicacionesespeculativas\/wp-content\/uploads\/2017\/06\/IMG_0831-1024x768.jpg 1024w, https:\/\/interspecifics.cc\/comunicacionesespeculativas\/wp-content\/uploads\/2017\/06\/IMG_0831-754x566.jpg 754w\" sizes=\"auto, (max-width: 3264px) 100vw, 3264px\" \/><\/p>\n<div class=\"page\" title=\"Page 2\">\n<div class=\"layoutArea\">\n<div class=\"column\">\n<p><a href=\"http:\/\/interspecifics.cc\/comunicacionesespeculativas\/about_en\">\u00a0[ENGLISH]<\/a><\/p>\n<p>Una m\u00e1quina que es capaz de observar y aprender de un microorganismo para crear un score audiovisual a partir de los patrones que encuentre en su comportamiento. Este proyecto se centra en la creaci\u00f3n de una inteligencia artificial, la cual reconoce comportamientos organizados reiterativos en cultivos biol\u00f3gicos y los transforma en eventos que dota de una gestualidad audiovisual espec\u00edfica con el fin de lograr una composici\u00f3n auto-generativa que responde a las l\u00f3gicas de decisi\u00f3n que esta inteligencia construye con el tiempo. Para lograrlo es necesario el desarrollo de un dispositivo de b\u00fasqueda y transmisi\u00f3n de se\u00f1ales an\u00e1logas provenientes de microorganismos, una plataforma audiovisual que permita la expresi\u00f3n de las se\u00f1ales biol\u00f3gicas y que adem\u00e1s pueda hacerse cargo de su propio mantenimiento biol\u00f3gico. El resultado es transmitido en tiempo real a trav\u00e9s de un canal digital creando la posibilidad de observar el proceso de coevoluci\u00f3n de la m\u00e1quina en tiempo real.<\/p>\n<p>Inspirado en centros como el SETI, acr\u00f3nimo del ingl\u00e9s Search for ExtraTerrestrial Intelligence o B\u00fasqueda de Inteligencia Extraterrestre, Comunicaciones Especulativas es tanto un espacio de investigaci\u00f3n de comunicaciones no antropoc\u00e9ntricas, como un sistema auto-generativo de inteligencias no humanas. Este proyecto busca resaltar la gestualidad del tiempo real expresado en vida y de esa vida como un generador de cambio e inestabilidad tangible a partir de representaciones tanto visuales como sonoras. La materia tiene por s\u00ed misma una performatividad expresiva por lo que buscamos crear una interface que le permita al otro expresar su complejidad y diversidad a trav\u00e9s de un lenguaje que sea tangible tanto para una m\u00e1quina como para nosotros humanos. Una narrativa que se construye a partir del cruce de la ciencia, la ficci\u00f3n, la vida y la ingenier\u00eda y que busca apropiarse del imaginario social para crear v\u00ednculos con aquello que parece tan ajeno, pero que conforma en s\u00ed mismo la ontolog\u00eda de nuestra especie.<\/p>\n<p>El sistema comienza con el procesamiento en tiempo real de cultivos bacterianos. Estos cultivos son analizados con Visi\u00f3n Artificial (Computer Vision) para detectar formas y movimiento, y con Aprendizaje Autom\u00e1tico no asistido (Machine Learning) para detectar los patrones que se repitan en el tiempo. Los datos de la existencia de esos patrones son enviados a un algoritmo de Inteligencia Artificial que reconoce y almacena esa informaci\u00f3n como eventos y les concede una cierta gestualidad sonora y visual a partir de un set de opciones que el propio algoritmo elige y modifica seg\u00fan se sigue alimentando.<\/p>\n<p>&nbsp;<\/p>\n<\/div>\n<\/div>\n<\/div>\n<\/div>\n<\/div>\n<\/div>\n<\/div>\n<div><\/div>\n<div><a href=\"https:\/\/interspecifics.cc\/comunicacionesespeculativas\/wp-content\/uploads\/2018\/01\/com_grande_try.pdf\" class=\"pdfemb-viewer\" style=\"\" data-width=\"max\" data-height=\"max\"  data-toolbar=\"bottom\" data-toolbar-fixed=\"off\">com_grande_try<br\/><\/a><\/div>\n<\/div>\n<div><\/div>\n<div class=\"_3x-2\"><\/div>\n","protected":false},"excerpt":{"rendered":"<p>\u00a0[ENGLISH] Una m\u00e1quina que es capaz de observar y aprender de un microorganismo para crear un score audiovisual a partir de los patrones que encuentre en su comportamiento. Este proyecto&hellip;<\/p>\n","protected":false},"author":1,"featured_media":0,"parent":0,"menu_order":0,"comment_status":"closed","ping_status":"open","template":"","meta":{"footnotes":""},"class_list":["post-2","page","type-page","status-publish","hentry"],"_links":{"self":[{"href":"https:\/\/interspecifics.cc\/comunicacionesespeculativas\/wp-json\/wp\/v2\/pages\/2","targetHints":{"allow":["GET"]}}],"collection":[{"href":"https:\/\/interspecifics.cc\/comunicacionesespeculativas\/wp-json\/wp\/v2\/pages"}],"about":[{"href":"https:\/\/interspecifics.cc\/comunicacionesespeculativas\/wp-json\/wp\/v2\/types\/page"}],"author":[{"embeddable":true,"href":"https:\/\/interspecifics.cc\/comunicacionesespeculativas\/wp-json\/wp\/v2\/users\/1"}],"replies":[{"embeddable":true,"href":"https:\/\/interspecifics.cc\/comunicacionesespeculativas\/wp-json\/wp\/v2\/comments?post=2"}],"version-history":[{"count":19,"href":"https:\/\/interspecifics.cc\/comunicacionesespeculativas\/wp-json\/wp\/v2\/pages\/2\/revisions"}],"predecessor-version":[{"id":367,"href":"https:\/\/interspecifics.cc\/comunicacionesespeculativas\/wp-json\/wp\/v2\/pages\/2\/revisions\/367"}],"wp:attachment":[{"href":"https:\/\/interspecifics.cc\/comunicacionesespeculativas\/wp-json\/wp\/v2\/media?parent=2"}],"curies":[{"name":"wp","href":"https:\/\/api.w.org\/{rel}","templated":true}]}}